{"id":77,"date":"2016-04-10T21:22:54","date_gmt":"2016-04-10T19:22:54","guid":{"rendered":"http:\/\/www.infoassist-net.it\/?page_id=77"},"modified":"2018-02-23T22:29:08","modified_gmt":"2018-02-23T20:29:08","slug":"chi-siamo","status":"publish","type":"page","link":"https:\/\/www.infoassist-net.it\/index.php\/chi-siamo\/","title":{"rendered":"CHI SIAMO"},"content":{"rendered":"<p>&nbsp;<\/p>\n<p>Info Assist nasce da un&#8217; idea del titolare Giorgio Giorgi dopo l&#8217;esperienza maturata come addetto c.e.d. di una importante azienda italiana leader nazionale del settore cartotecnico.<\/p>\n<p>Giorgio Giorgi ha accumulato una vasta esperienza in molti campi dell&#8217;informatica lavorando per 16 anni come programmatore, amministratore di sistema e tuttofare per\u00a0la sua azienda specializzandosi nella realizzazione di programmi su piattaforma IBM AS\/400 \u00a0(oltre 200 programmi realizzati) e fornendo assistenza sia software che hardware\u00a0su\u00a0 piattaforma MICROSOFT WINDOWS e installazione e manutenzione di ambienti virtualizzati VMWARE.<\/p>\n<p>La passione per la telefonia e la sempre crescente richiesta di assistenza in questo ambito hanno spinto Giorgi a specializzarsi anche in semplici riparazioni hardware su molti modelli\u00a0di telefoni , in particolare Samsung e Apple Iphone \u00a0e assistenza software , recupero dati in caso di telefoni con display rotto o di cancellazione accidentale di dati.<\/p>\n<p>Info Assist eroga molteplici servizi a costi altamente competitivi che permettono ai nostri clienti di usufruire di prestazioni di alta qualit\u00e0 a costi accessibili a tutti.<\/p>\n<p>Invitiamo gli utenti del nostro sito a consultare la pagine &#8220;SERVIZI&#8221; e &#8220;CONTATTI&#8221; per conoscere maggiori dettagli sulla natura e le modalit\u00e0 delle nostre prestazioni e per sottoporre\u00a0alla nostra attenzione i vostri dubbi , problemi e richieste di assistenza.<\/p>\n<p>&nbsp;<\/p>\n<p><a href=\"https:\/\/www.facebook.com\/info.assistgiogio\/\" rel=\"attachment wp-att-28\"><img data-attachment-id=\"28\" data-permalink=\"https:\/\/www.infoassist-net.it\/index.php\/sample-page\/facebook\/\" data-orig-file=\"https:\/\/i0.wp.com\/www.infoassist-net.it\/wp-content\/uploads\/2016\/04\/facebook.jpg?fit=2429%2C587&amp;ssl=1\" data-orig-size=\"2429,587\" data-comments-opened=\"1\" data-image-meta=\"{&quot;aperture&quot;:&quot;0&quot;,&quot;credit&quot;:&quot;&quot;,&quot;camera&quot;:&quot;&quot;,&quot;caption&quot;:&quot;&quot;,&quot;created_timestamp&quot;:&quot;0&quot;,&quot;copyright&quot;:&quot;&quot;,&quot;focal_length&quot;:&quot;0&quot;,&quot;iso&quot;:&quot;0&quot;,&quot;shutter_speed&quot;:&quot;0&quot;,&quot;title&quot;:&quot;&quot;,&quot;orientation&quot;:&quot;0&quot;}\" data-image-title=\"facebook\" data-image-description=\"\" data-image-caption=\"\" data-medium-file=\"https:\/\/i0.wp.com\/www.infoassist-net.it\/wp-content\/uploads\/2016\/04\/facebook.jpg?fit=300%2C72&amp;ssl=1\" data-large-file=\"https:\/\/i0.wp.com\/www.infoassist-net.it\/wp-content\/uploads\/2016\/04\/facebook.jpg?fit=640%2C154&amp;ssl=1\" loading=\"lazy\" class=\"alignnone wp-image-28\" src=\"https:\/\/i0.wp.com\/www.infoassist-net.it\/wp-content\/uploads\/2016\/04\/facebook.jpg?resize=198%2C47\" alt=\"facebook\" width=\"198\" height=\"47\" srcset=\"https:\/\/i0.wp.com\/www.infoassist-net.it\/wp-content\/uploads\/2016\/04\/facebook.jpg?resize=300%2C72&amp;ssl=1 300w, https:\/\/i0.wp.com\/www.infoassist-net.it\/wp-content\/uploads\/2016\/04\/facebook.jpg?resize=768%2C186&amp;ssl=1 768w, https:\/\/i0.wp.com\/www.infoassist-net.it\/wp-content\/uploads\/2016\/04\/facebook.jpg?resize=1024%2C247&amp;ssl=1 1024w, https:\/\/i0.wp.com\/www.infoassist-net.it\/wp-content\/uploads\/2016\/04\/facebook.jpg?resize=870%2C210&amp;ssl=1 870w, https:\/\/i0.wp.com\/www.infoassist-net.it\/wp-content\/uploads\/2016\/04\/facebook.jpg?w=1280 1280w, https:\/\/i0.wp.com\/www.infoassist-net.it\/wp-content\/uploads\/2016\/04\/facebook.jpg?w=1920 1920w\" sizes=\"(max-width: 198px) 100vw, 198px\" data-recalc-dims=\"1\" \/><\/a><\/p>\n","protected":false},"excerpt":{"rendered":"<p>&nbsp; Info Assist nasce da un&#8217; idea del titolare Giorgio Giorgi dopo l&#8217;esperienza maturata come addetto c.e.d. di una importante azienda italiana leader nazionale del settore cartotecnico. Giorgio Giorgi ha accumulato una vasta esperienza in molti campi dell&#8217;informatica lavorando per 16 anni come programmatore, amministratore di sistema e tuttofare per\u00a0la sua azienda specializzandosi nella realizzazione&hellip;<\/p>\n","protected":false},"author":1,"featured_media":432,"parent":0,"menu_order":1,"comment_status":"closed","ping_status":"closed","template":"","meta":{"_mi_skip_tracking":false,"spay_email":""},"yoast_head":"<!-- This site is optimized with the Yoast SEO plugin v19.0 - https:\/\/yoast.com\/wordpress\/plugins\/seo\/ -->\r\n<title>Info Assist Servizi Informatici CHI SIAMO<\/title>\r\n<meta name=\"description\" content=\"INFO ASSIST Servizi Informatici di Giorgio Giorgi Pagina di presentazione\" \/>\r\n<meta name=\"robots\" content=\"index, follow, max-snippet:-1, max-image-preview:large, max-video-preview:-1\" \/>\r\n<link rel=\"canonical\" href=\"https:\/\/www.infoassist-net.it\/index.php\/chi-siamo\/\" \/>\r\n<meta property=\"og:locale\" content=\"it_IT\" \/>\r\n<meta property=\"og:type\" content=\"article\" \/>\r\n<meta property=\"og:title\" content=\"Info Assist Servizi Informatici CHI SIAMO\" \/>\r\n<meta property=\"og:description\" content=\"INFO ASSIST Servizi Informatici di Giorgio Giorgi Pagina di presentazione\" \/>\r\n<meta property=\"og:url\" content=\"https:\/\/www.infoassist-net.it\/index.php\/chi-siamo\/\" \/>\r\n<meta property=\"og:site_name\" content=\"INFO ASSIST\" \/>\r\n<meta property=\"article:publisher\" content=\"https:\/\/www.facebook.com\/info.assistgiogio\/\" \/>\r\n<meta property=\"article:modified_time\" content=\"2018-02-23T20:29:08+00:00\" \/>\r\n<meta property=\"og:image\" content=\"https:\/\/i0.wp.com\/www.infoassist-net.it\/wp-content\/uploads\/2018\/02\/consulenza.jpg?fit=1024%2C300&#038;ssl=1\" \/>\r\n\t<meta property=\"og:image:width\" content=\"1024\" \/>\r\n\t<meta property=\"og:image:height\" content=\"300\" \/>\r\n\t<meta property=\"og:image:type\" content=\"image\/jpeg\" \/>\r\n<meta name=\"twitter:card\" content=\"summary\" \/>\r\n<meta name=\"twitter:site\" content=\"@info40655969\" \/>\r\n<meta name=\"twitter:label1\" content=\"Tempo di lettura stimato\" \/>\n\t<meta name=\"twitter:data1\" content=\"1 minuto\" \/>\r\n<script type=\"application\/ld+json\" class=\"yoast-schema-graph\">{\"@context\":\"https:\/\/schema.org\",\"@graph\":[{\"@type\":\"Organization\",\"@id\":\"https:\/\/www.infoassist-net.it\/#organization\",\"name\":\"Info Assist Servizi Informatici\",\"url\":\"https:\/\/www.infoassist-net.it\/\",\"sameAs\":[\"https:\/\/www.instagram.com\/infoassistnet\/\",\"https:\/\/www.youtube.com\/channel\/UCK1DTwK1mD2nTO9RSCc9oOA\",\"https:\/\/www.facebook.com\/info.assistgiogio\/\",\"https:\/\/twitter.com\/info40655969\"],\"logo\":{\"@type\":\"ImageObject\",\"inLanguage\":\"it-IT\",\"@id\":\"https:\/\/www.infoassist-net.it\/#\/schema\/logo\/image\/\",\"url\":\"https:\/\/i0.wp.com\/www.infoassist-net.it\/wp-content\/uploads\/2017\/03\/LOGOwindows.jpg?fit=449%2C449&ssl=1\",\"contentUrl\":\"https:\/\/i0.wp.com\/www.infoassist-net.it\/wp-content\/uploads\/2017\/03\/LOGOwindows.jpg?fit=449%2C449&ssl=1\",\"width\":449,\"height\":449,\"caption\":\"Info Assist Servizi Informatici\"},\"image\":{\"@id\":\"https:\/\/www.infoassist-net.it\/#\/schema\/logo\/image\/\"}},{\"@type\":\"WebSite\",\"@id\":\"https:\/\/www.infoassist-net.it\/#website\",\"url\":\"https:\/\/www.infoassist-net.it\/\",\"name\":\"INFO ASSIST Servizi Informatici\",\"description\":\"Servizi Informatici\",\"publisher\":{\"@id\":\"https:\/\/www.infoassist-net.it\/#organization\"},\"potentialAction\":[{\"@type\":\"SearchAction\",\"target\":{\"@type\":\"EntryPoint\",\"urlTemplate\":\"https:\/\/www.infoassist-net.it\/?s={search_term_string}\"},\"query-input\":\"required name=search_term_string\"}],\"inLanguage\":\"it-IT\"},{\"@type\":\"ImageObject\",\"inLanguage\":\"it-IT\",\"@id\":\"https:\/\/www.infoassist-net.it\/index.php\/chi-siamo\/#primaryimage\",\"url\":\"https:\/\/i0.wp.com\/www.infoassist-net.it\/wp-content\/uploads\/2018\/02\/consulenza.jpg?fit=1024%2C300&ssl=1\",\"contentUrl\":\"https:\/\/i0.wp.com\/www.infoassist-net.it\/wp-content\/uploads\/2018\/02\/consulenza.jpg?fit=1024%2C300&ssl=1\",\"width\":1024,\"height\":300},{\"@type\":\"WebPage\",\"@id\":\"https:\/\/www.infoassist-net.it\/index.php\/chi-siamo\/#webpage\",\"url\":\"https:\/\/www.infoassist-net.it\/index.php\/chi-siamo\/\",\"name\":\"Info Assist Servizi Informatici CHI SIAMO\",\"isPartOf\":{\"@id\":\"https:\/\/www.infoassist-net.it\/#website\"},\"primaryImageOfPage\":{\"@id\":\"https:\/\/www.infoassist-net.it\/index.php\/chi-siamo\/#primaryimage\"},\"datePublished\":\"2016-04-10T19:22:54+00:00\",\"dateModified\":\"2018-02-23T20:29:08+00:00\",\"description\":\"INFO ASSIST Servizi Informatici di Giorgio Giorgi Pagina di presentazione\",\"breadcrumb\":{\"@id\":\"https:\/\/www.infoassist-net.it\/index.php\/chi-siamo\/#breadcrumb\"},\"inLanguage\":\"it-IT\",\"potentialAction\":[{\"@type\":\"ReadAction\",\"target\":[\"https:\/\/www.infoassist-net.it\/index.php\/chi-siamo\/\"]}]},{\"@type\":\"BreadcrumbList\",\"@id\":\"https:\/\/www.infoassist-net.it\/index.php\/chi-siamo\/#breadcrumb\",\"itemListElement\":[{\"@type\":\"ListItem\",\"position\":1,\"name\":\"Home\",\"item\":\"https:\/\/www.infoassist-net.it\/\"},{\"@type\":\"ListItem\",\"position\":2,\"name\":\"CHI SIAMO\"}]}]}<\/script>\r\n<!-- \/ Yoast SEO plugin. -->","yoast_head_json":{"title":"Info Assist Servizi Informatici CHI SIAMO","description":"INFO ASSIST Servizi Informatici di Giorgio Giorgi Pagina di presentazione","robots":{"index":"index","follow":"follow","max-snippet":"max-snippet:-1","max-image-preview":"max-image-preview:large","max-video-preview":"max-video-preview:-1"},"canonical":"https:\/\/www.infoassist-net.it\/index.php\/chi-siamo\/","og_locale":"it_IT","og_type":"article","og_title":"Info Assist Servizi Informatici CHI SIAMO","og_description":"INFO ASSIST Servizi Informatici di Giorgio Giorgi Pagina di presentazione","og_url":"https:\/\/www.infoassist-net.it\/index.php\/chi-siamo\/","og_site_name":"INFO ASSIST","article_publisher":"https:\/\/www.facebook.com\/info.assistgiogio\/","article_modified_time":"2018-02-23T20:29:08+00:00","og_image":[{"width":1024,"height":300,"url":"https:\/\/i0.wp.com\/www.infoassist-net.it\/wp-content\/uploads\/2018\/02\/consulenza.jpg?fit=1024%2C300&ssl=1","type":"image\/jpeg"}],"twitter_card":"summary","twitter_site":"@info40655969","twitter_misc":{"Tempo di lettura stimato":"1 minuto"},"schema":{"@context":"https:\/\/schema.org","@graph":[{"@type":"Organization","@id":"https:\/\/www.infoassist-net.it\/#organization","name":"Info Assist Servizi Informatici","url":"https:\/\/www.infoassist-net.it\/","sameAs":["https:\/\/www.instagram.com\/infoassistnet\/","https:\/\/www.youtube.com\/channel\/UCK1DTwK1mD2nTO9RSCc9oOA","https:\/\/www.facebook.com\/info.assistgiogio\/","https:\/\/twitter.com\/info40655969"],"logo":{"@type":"ImageObject","inLanguage":"it-IT","@id":"https:\/\/www.infoassist-net.it\/#\/schema\/logo\/image\/","url":"https:\/\/i0.wp.com\/www.infoassist-net.it\/wp-content\/uploads\/2017\/03\/LOGOwindows.jpg?fit=449%2C449&ssl=1","contentUrl":"https:\/\/i0.wp.com\/www.infoassist-net.it\/wp-content\/uploads\/2017\/03\/LOGOwindows.jpg?fit=449%2C449&ssl=1","width":449,"height":449,"caption":"Info Assist Servizi Informatici"},"image":{"@id":"https:\/\/www.infoassist-net.it\/#\/schema\/logo\/image\/"}},{"@type":"WebSite","@id":"https:\/\/www.infoassist-net.it\/#website","url":"https:\/\/www.infoassist-net.it\/","name":"INFO ASSIST Servizi Informatici","description":"Servizi Informatici","publisher":{"@id":"https:\/\/www.infoassist-net.it\/#organization"},"potentialAction":[{"@type":"SearchAction","target":{"@type":"EntryPoint","urlTemplate":"https:\/\/www.infoassist-net.it\/?s={search_term_string}"},"query-input":"required name=search_term_string"}],"inLanguage":"it-IT"},{"@type":"ImageObject","inLanguage":"it-IT","@id":"https:\/\/www.infoassist-net.it\/index.php\/chi-siamo\/#primaryimage","url":"https:\/\/i0.wp.com\/www.infoassist-net.it\/wp-content\/uploads\/2018\/02\/consulenza.jpg?fit=1024%2C300&ssl=1","contentUrl":"https:\/\/i0.wp.com\/www.infoassist-net.it\/wp-content\/uploads\/2018\/02\/consulenza.jpg?fit=1024%2C300&ssl=1","width":1024,"height":300},{"@type":"WebPage","@id":"https:\/\/www.infoassist-net.it\/index.php\/chi-siamo\/#webpage","url":"https:\/\/www.infoassist-net.it\/index.php\/chi-siamo\/","name":"Info Assist Servizi Informatici CHI SIAMO","isPartOf":{"@id":"https:\/\/www.infoassist-net.it\/#website"},"primaryImageOfPage":{"@id":"https:\/\/www.infoassist-net.it\/index.php\/chi-siamo\/#primaryimage"},"datePublished":"2016-04-10T19:22:54+00:00","dateModified":"2018-02-23T20:29:08+00:00","description":"INFO ASSIST Servizi Informatici di Giorgio Giorgi Pagina di presentazione","breadcrumb":{"@id":"https:\/\/www.infoassist-net.it\/index.php\/chi-siamo\/#breadcrumb"},"inLanguage":"it-IT","potentialAction":[{"@type":"ReadAction","target":["https:\/\/www.infoassist-net.it\/index.php\/chi-siamo\/"]}]},{"@type":"BreadcrumbList","@id":"https:\/\/www.infoassist-net.it\/index.php\/chi-siamo\/#breadcrumb","itemListElement":[{"@type":"ListItem","position":1,"name":"Home","item":"https:\/\/www.infoassist-net.it\/"},{"@type":"ListItem","position":2,"name":"CHI SIAMO"}]}]}},"jetpack_sharing_enabled":true,"jetpack_shortlink":"https:\/\/wp.me\/P7yCc4-1f","jetpack-related-posts":[{"id":83,"url":"https:\/\/www.infoassist-net.it\/index.php\/servizi\/","url_meta":{"origin":77,"position":0},"title":"SERVIZI","date":"10\/04\/2016","format":false,"excerpt":"INFO ASSIST FORNISCE I SUOI SERVIZI NELLE\u00a0SEGUENTI AREE: \u00a0 ASSISTENZA HARDWARE E ASSISTENZA SOFTWARE LOCALE\/REMOTA SU PC: \u00a0 Info assist si occupa di risolvere qualsiasi problema hardware su pc , pc assemblati , notebook , smartphone e molto altro . Nelle foto si possono vedere i nostri interventi su pc\u2026","rel":"","context":"Articolo simile","img":{"alt_text":"","src":"https:\/\/i0.wp.com\/www.infoassist-net.it\/wp-content\/uploads\/2018\/02\/imgScorr2.jpg?fit=1200%2C280&ssl=1&resize=350%2C200","width":350,"height":200},"classes":[]},{"id":2,"url":"https:\/\/www.infoassist-net.it\/","url_meta":{"origin":77,"position":1},"title":"HOME","date":"27\/03\/2016","format":false,"excerpt":"Info Assist \u00e8 una societ\u00e0 unipersonale nata nel gennaio del 2016 a Marsciano (PG) che vuole farsi strada nel complesso mondo dei Servizi Informatici. Ci piace sottolineare l'aggettivo \"complesso\" perch\u00e9 il nostro \u00e8 un settore estremamente competitivo in cui operano numerose societ\u00e0 qualificate e di grandi dimensioni o di tradizione\u2026","rel":"","context":"Articolo simile","img":{"alt_text":"","src":"https:\/\/i0.wp.com\/www.infoassist-net.it\/wp-content\/uploads\/2018\/02\/scorr1.jpg?fit=1200%2C280&ssl=1&resize=350%2C200","width":350,"height":200},"classes":[]},{"id":89,"url":"https:\/\/www.infoassist-net.it\/index.php\/contatti-2\/","url_meta":{"origin":77,"position":2},"title":"CONTATTI","date":"10\/04\/2016","format":false,"excerpt":"Sede Operativa e Sede Legale INFO ASSIST di Giorgio Giorgi Via Salita San Francesco, 4 06055 - Marsciano -\u00a0(PG) Cellulare: 331.2600436 \u00a0 Recapito Email info@infoassist-net.it \u00a0 Recapito Email PEC (Posta Elettronica Certificata) g.giorgi@pec.infoassist-net.it \u00a0 Partita IVA e Codice Fiscale 03499960544 Non esitate a contattarci per sottoporre alla nostra attenzione tutti\u2026","rel":"","context":"Articolo simile","img":{"alt_text":"","src":"https:\/\/i0.wp.com\/www.infoassist-net.it\/wp-content\/uploads\/2018\/02\/banner-contatti.jpg?fit=1200%2C347&ssl=1&resize=350%2C200","width":350,"height":200},"classes":[]},{"id":157,"url":"https:\/\/www.infoassist-net.it\/index.php\/assistenza\/","url_meta":{"origin":77,"position":3},"title":"RICHIEDI ASSISTENZA","date":"16\/05\/2016","format":false,"excerpt":"COMPILA IL MODULO DI RICHIESTA DI ASSISTENZA \u00a0 In questa sezione potete inviare una richiesta di assistenza al nostro centro di supporto e potete scaricare il software per la nostra assistenza da remoto sul vostro pc o mac , vi baster\u00e0 scaricare e installare sulla vostra macchina il nostro software\u2026","rel":"","context":"Articolo simile","img":{"alt_text":"","src":"https:\/\/i0.wp.com\/www.infoassist-net.it\/wp-content\/uploads\/2018\/02\/computer-repair-1030x438-1080x280.jpg?fit=1030%2C280&ssl=1&resize=350%2C200","width":350,"height":200},"classes":[]},{"id":182,"url":"https:\/\/www.infoassist-net.it\/index.php\/inostriconsigli\/","url_meta":{"origin":77,"position":4},"title":"I NOSTRI CONSIGLI","date":"16\/05\/2016","format":false,"excerpt":"In questa area vogliamo dare alcuni consigli sui software indispensabili per un corretto start-up di un pc e per la manutenzione del vostro computer o per la risoluzione delle problematiche pi\u00f9 comuni. I software proposti qui di seguito sono tutti software gratuiti ma allo stesso tempo completi di tutto il\u2026","rel":"","context":"Articolo simile","img":{"alt_text":"","src":"https:\/\/i0.wp.com\/www.infoassist-net.it\/wp-content\/uploads\/2018\/02\/Tech-2x1-452390287.jpg?fit=1200%2C364&ssl=1&resize=350%2C200","width":350,"height":200},"classes":[]},{"id":350,"url":"https:\/\/www.infoassist-net.it\/index.php\/news\/","url_meta":{"origin":77,"position":5},"title":"NEWS","date":"26\/05\/2016","format":false,"excerpt":"In questa pagina del nostro sito vogliamo illustrarvi le novit\u00e0 riguardo le ultime minacce informatiche che circolano in rete o attraverso canali quali posta elettronica o social network o installazione di programmi indesiderati. \u00a0 CRYPTOLOCKER \u00a0 Il famoso virus cryptlocker da pi\u00f9 di un anno sta terrorizzando i computer di\u2026","rel":"","context":"Articolo simile","img":{"alt_text":"","src":"https:\/\/i0.wp.com\/www.infoassist-net.it\/wp-content\/uploads\/2018\/02\/Sicurezza-Startup-news-1.jpg?fit=799%2C214&ssl=1&resize=350%2C200","width":350,"height":200},"classes":[]}],"_links":{"self":[{"href":"https:\/\/www.infoassist-net.it\/index.php\/wp-json\/wp\/v2\/pages\/77"}],"collection":[{"href":"https:\/\/www.infoassist-net.it\/index.php\/wp-json\/wp\/v2\/pages"}],"about":[{"href":"https:\/\/www.infoassist-net.it\/index.php\/wp-json\/wp\/v2\/types\/page"}],"author":[{"embeddable":true,"href":"https:\/\/www.infoassist-net.it\/index.php\/wp-json\/wp\/v2\/users\/1"}],"replies":[{"embeddable":true,"href":"https:\/\/www.infoassist-net.it\/index.php\/wp-json\/wp\/v2\/comments?post=77"}],"version-history":[{"count":10,"href":"https:\/\/www.infoassist-net.it\/index.php\/wp-json\/wp\/v2\/pages\/77\/revisions"}],"predecessor-version":[{"id":434,"href":"https:\/\/www.infoassist-net.it\/index.php\/wp-json\/wp\/v2\/pages\/77\/revisions\/434"}],"wp:featuredmedia":[{"embeddable":true,"href":"https:\/\/www.infoassist-net.it\/index.php\/wp-json\/wp\/v2\/media\/432"}],"wp:attachment":[{"href":"https:\/\/www.infoassist-net.it\/index.php\/wp-json\/wp\/v2\/media?parent=77"}],"curies":[{"name":"wp","href":"https:\/\/api.w.org\/{rel}","templated":true}]}}