{"id":2,"date":"2016-03-27T17:04:51","date_gmt":"2016-03-27T17:04:51","guid":{"rendered":"http:\/\/www.infoassist-net.it\/?page_id=2"},"modified":"2020-01-22T14:48:25","modified_gmt":"2020-01-22T12:48:25","slug":"sample-page","status":"publish","type":"page","link":"https:\/\/www.infoassist-net.it\/","title":{"rendered":"HOME"},"content":{"rendered":"<p style=\"text-align: left;\">Info Assist \u00e8 una societ\u00e0 unipersonale nata nel gennaio del 2016 a Marsciano (PG) che vuole farsi strada nel complesso mondo dei Servizi Informatici.<\/p>\n<p>Ci piace sottolineare l&#8217;aggettivo &#8220;complesso&#8221; perch\u00e9 il nostro \u00e8 un settore estremamente competitivo in cui operano numerose societ\u00e0 qualificate e di grandi dimensioni o di tradizione consolidata negli anni,\u00a0non \u00e8 mai facile entrare in un settore in cui la competizione \u00e8 elevata\u00a0cos\u00ec come \u00e8 alevata la qualit\u00e0 dei servizi offerti ma noi vogliamo provarci e vogliamo riuscire a ritagliare il nostro spazio\u00a0offrendo al cliente prestazioni di alto livello\u00a0, lavorando con passione e in economia.<\/p>\n<p>Lavorare in economia non significa che la qualit\u00e0 del\u00a0nostro lavoro\u00a0\u00e8 inferiore a quella della concorrenza, lavorare in economia per Info Assist significa mettere tanto impegno , ottimizzare il tempo e i costi per arrivare al nostro obiettivo nel miglior modo e con il minore esborso economico per il cliente ,\u00a0 IL NOSTRO OBIETTIVO E&#8217; LA PIENA SODDISFAZIONE DEL CLIENTE !<\/p>\n<p>La nostra sede si trova a Marsciano in provincia di Perugia\u00a0e fornisce assistenza sia in laboratorio che a domicilio in tutta l&#8217;Umbria , Info Assist ha anche la possibilit\u00e0 di offrire un servizio di assistenza remota per gli interventi\u00a0pi\u00f9 semplici quali pulizia di pc e assistenza software a distanza\u00a0ovvero tutte quelle operazioni per le quali non \u00e8 indispensabile la presenza fisica di un operatore davanti al terminale.<\/p>\n<p>Nella sezione servizi troverete le\u00a0\u00a04 aree principali in cui Info Assist offre le sue prestazioni di assistenza analisi e sviluppo e invitiamo tutti gli utenti a consultare le altre pagine del sito per avere maggiori dettagli riguardo i servizi offerti e i nostri contatti .<\/p>\n<p><strong><em>Giorgio Giorgi<\/em><\/strong><\/p>\n<hr \/>\n<p><a href=\"https:\/\/www.facebook.com\/info.assistgiogio\/\" rel=\"attachment wp-att-28\"><img data-attachment-id=\"28\" data-permalink=\"https:\/\/www.infoassist-net.it\/index.php\/sample-page\/facebook\/\" data-orig-file=\"https:\/\/i0.wp.com\/www.infoassist-net.it\/wp-content\/uploads\/2016\/04\/facebook.jpg?fit=2429%2C587&amp;ssl=1\" data-orig-size=\"2429,587\" data-comments-opened=\"1\" data-image-meta=\"{&quot;aperture&quot;:&quot;0&quot;,&quot;credit&quot;:&quot;&quot;,&quot;camera&quot;:&quot;&quot;,&quot;caption&quot;:&quot;&quot;,&quot;created_timestamp&quot;:&quot;0&quot;,&quot;copyright&quot;:&quot;&quot;,&quot;focal_length&quot;:&quot;0&quot;,&quot;iso&quot;:&quot;0&quot;,&quot;shutter_speed&quot;:&quot;0&quot;,&quot;title&quot;:&quot;&quot;,&quot;orientation&quot;:&quot;0&quot;}\" data-image-title=\"facebook\" data-image-description=\"\" data-image-caption=\"\" data-medium-file=\"https:\/\/i0.wp.com\/www.infoassist-net.it\/wp-content\/uploads\/2016\/04\/facebook.jpg?fit=300%2C72&amp;ssl=1\" data-large-file=\"https:\/\/i0.wp.com\/www.infoassist-net.it\/wp-content\/uploads\/2016\/04\/facebook.jpg?fit=640%2C154&amp;ssl=1\" loading=\"lazy\" class=\"alignnone wp-image-28\" src=\"https:\/\/i0.wp.com\/www.infoassist-net.it\/wp-content\/uploads\/2016\/04\/facebook.jpg?resize=199%2C47\" alt=\"facebook\" width=\"199\" height=\"47\" srcset=\"https:\/\/i0.wp.com\/www.infoassist-net.it\/wp-content\/uploads\/2016\/04\/facebook.jpg?resize=300%2C72&amp;ssl=1 300w, https:\/\/i0.wp.com\/www.infoassist-net.it\/wp-content\/uploads\/2016\/04\/facebook.jpg?resize=768%2C186&amp;ssl=1 768w, https:\/\/i0.wp.com\/www.infoassist-net.it\/wp-content\/uploads\/2016\/04\/facebook.jpg?resize=1024%2C247&amp;ssl=1 1024w, https:\/\/i0.wp.com\/www.infoassist-net.it\/wp-content\/uploads\/2016\/04\/facebook.jpg?resize=870%2C210&amp;ssl=1 870w, https:\/\/i0.wp.com\/www.infoassist-net.it\/wp-content\/uploads\/2016\/04\/facebook.jpg?w=1280 1280w, https:\/\/i0.wp.com\/www.infoassist-net.it\/wp-content\/uploads\/2016\/04\/facebook.jpg?w=1920 1920w\" sizes=\"(max-width: 199px) 100vw, 199px\" data-recalc-dims=\"1\" \/><\/a><\/p>\n","protected":false},"excerpt":{"rendered":"<p>Info Assist \u00e8 una societ\u00e0 unipersonale nata nel gennaio del 2016 a Marsciano (PG) che vuole farsi strada nel complesso mondo dei Servizi Informatici. Ci piace sottolineare l&#8217;aggettivo &#8220;complesso&#8221; perch\u00e9 il nostro \u00e8 un settore estremamente competitivo in cui operano numerose societ\u00e0 qualificate e di grandi dimensioni o di tradizione consolidata negli anni,\u00a0non \u00e8 mai&hellip;<\/p>\n","protected":false},"author":1,"featured_media":431,"parent":0,"menu_order":0,"comment_status":"closed","ping_status":"open","template":"","meta":{"_mi_skip_tracking":false,"spay_email":""},"yoast_head":"<!-- This site is optimized with the Yoast SEO plugin v19.0 - https:\/\/yoast.com\/wordpress\/plugins\/seo\/ -->\r\n<title>Info Assist HOME PAGE<\/title>\r\n<meta name=\"description\" content=\"INFO ASSIST Servizi Informatici di Giorgio Giorgi Pagina Iniziale\" \/>\r\n<meta name=\"robots\" content=\"index, follow, max-snippet:-1, max-image-preview:large, max-video-preview:-1\" \/>\r\n<link rel=\"canonical\" href=\"https:\/\/www.infoassist-net.it\/\" \/>\r\n<meta property=\"og:locale\" content=\"it_IT\" \/>\r\n<meta property=\"og:type\" content=\"article\" \/>\r\n<meta property=\"og:title\" content=\"Info Assist HOME PAGE\" \/>\r\n<meta property=\"og:description\" content=\"INFO ASSIST Servizi Informatici di Giorgio Giorgi Pagina Iniziale\" \/>\r\n<meta property=\"og:url\" content=\"https:\/\/www.infoassist-net.it\/\" \/>\r\n<meta property=\"og:site_name\" content=\"INFO ASSIST\" \/>\r\n<meta property=\"article:publisher\" content=\"https:\/\/www.facebook.com\/info.assistgiogio\/\" \/>\r\n<meta property=\"article:modified_time\" content=\"2020-01-22T12:48:25+00:00\" \/>\r\n<meta property=\"og:image\" content=\"https:\/\/i0.wp.com\/www.infoassist-net.it\/wp-content\/uploads\/2018\/02\/scorr1.jpg?fit=1200%2C280&#038;ssl=1\" \/>\r\n\t<meta property=\"og:image:width\" content=\"1200\" \/>\r\n\t<meta property=\"og:image:height\" content=\"280\" \/>\r\n\t<meta property=\"og:image:type\" content=\"image\/jpeg\" \/>\r\n<meta name=\"twitter:card\" content=\"summary\" \/>\r\n<meta name=\"twitter:site\" content=\"@info40655969\" \/>\r\n<meta name=\"twitter:label1\" content=\"Tempo di lettura stimato\" \/>\n\t<meta name=\"twitter:data1\" content=\"1 minuto\" \/>\r\n<script type=\"application\/ld+json\" class=\"yoast-schema-graph\">{\"@context\":\"https:\/\/schema.org\",\"@graph\":[{\"@type\":\"Organization\",\"@id\":\"https:\/\/www.infoassist-net.it\/#organization\",\"name\":\"Info Assist Servizi Informatici\",\"url\":\"https:\/\/www.infoassist-net.it\/\",\"sameAs\":[\"https:\/\/www.instagram.com\/infoassistnet\/\",\"https:\/\/www.youtube.com\/channel\/UCK1DTwK1mD2nTO9RSCc9oOA\",\"https:\/\/www.facebook.com\/info.assistgiogio\/\",\"https:\/\/twitter.com\/info40655969\"],\"logo\":{\"@type\":\"ImageObject\",\"inLanguage\":\"it-IT\",\"@id\":\"https:\/\/www.infoassist-net.it\/#\/schema\/logo\/image\/\",\"url\":\"https:\/\/i0.wp.com\/www.infoassist-net.it\/wp-content\/uploads\/2017\/03\/LOGOwindows.jpg?fit=449%2C449&ssl=1\",\"contentUrl\":\"https:\/\/i0.wp.com\/www.infoassist-net.it\/wp-content\/uploads\/2017\/03\/LOGOwindows.jpg?fit=449%2C449&ssl=1\",\"width\":449,\"height\":449,\"caption\":\"Info Assist Servizi Informatici\"},\"image\":{\"@id\":\"https:\/\/www.infoassist-net.it\/#\/schema\/logo\/image\/\"}},{\"@type\":\"WebSite\",\"@id\":\"https:\/\/www.infoassist-net.it\/#website\",\"url\":\"https:\/\/www.infoassist-net.it\/\",\"name\":\"INFO ASSIST Servizi Informatici\",\"description\":\"Servizi Informatici\",\"publisher\":{\"@id\":\"https:\/\/www.infoassist-net.it\/#organization\"},\"potentialAction\":[{\"@type\":\"SearchAction\",\"target\":{\"@type\":\"EntryPoint\",\"urlTemplate\":\"https:\/\/www.infoassist-net.it\/?s={search_term_string}\"},\"query-input\":\"required name=search_term_string\"}],\"inLanguage\":\"it-IT\"},{\"@type\":\"ImageObject\",\"inLanguage\":\"it-IT\",\"@id\":\"https:\/\/www.infoassist-net.it\/#primaryimage\",\"url\":\"https:\/\/i0.wp.com\/www.infoassist-net.it\/wp-content\/uploads\/2018\/02\/scorr1.jpg?fit=1200%2C280&ssl=1\",\"contentUrl\":\"https:\/\/i0.wp.com\/www.infoassist-net.it\/wp-content\/uploads\/2018\/02\/scorr1.jpg?fit=1200%2C280&ssl=1\",\"width\":1200,\"height\":280},{\"@type\":\"WebPage\",\"@id\":\"https:\/\/www.infoassist-net.it\/#webpage\",\"url\":\"https:\/\/www.infoassist-net.it\/\",\"name\":\"Info Assist HOME PAGE\",\"isPartOf\":{\"@id\":\"https:\/\/www.infoassist-net.it\/#website\"},\"primaryImageOfPage\":{\"@id\":\"https:\/\/www.infoassist-net.it\/#primaryimage\"},\"datePublished\":\"2016-03-27T17:04:51+00:00\",\"dateModified\":\"2020-01-22T12:48:25+00:00\",\"description\":\"INFO ASSIST Servizi Informatici di Giorgio Giorgi Pagina Iniziale\",\"breadcrumb\":{\"@id\":\"https:\/\/www.infoassist-net.it\/#breadcrumb\"},\"inLanguage\":\"it-IT\",\"potentialAction\":[{\"@type\":\"ReadAction\",\"target\":[\"https:\/\/www.infoassist-net.it\/\"]}]},{\"@type\":\"BreadcrumbList\",\"@id\":\"https:\/\/www.infoassist-net.it\/#breadcrumb\",\"itemListElement\":[{\"@type\":\"ListItem\",\"position\":1,\"name\":\"Home\",\"item\":\"https:\/\/www.infoassist-net.it\/\"},{\"@type\":\"ListItem\",\"position\":2,\"name\":\"HOME\"}]}]}<\/script>\r\n<!-- \/ Yoast SEO plugin. -->","yoast_head_json":{"title":"Info Assist HOME PAGE","description":"INFO ASSIST Servizi Informatici di Giorgio Giorgi Pagina Iniziale","robots":{"index":"index","follow":"follow","max-snippet":"max-snippet:-1","max-image-preview":"max-image-preview:large","max-video-preview":"max-video-preview:-1"},"canonical":"https:\/\/www.infoassist-net.it\/","og_locale":"it_IT","og_type":"article","og_title":"Info Assist HOME PAGE","og_description":"INFO ASSIST Servizi Informatici di Giorgio Giorgi Pagina Iniziale","og_url":"https:\/\/www.infoassist-net.it\/","og_site_name":"INFO ASSIST","article_publisher":"https:\/\/www.facebook.com\/info.assistgiogio\/","article_modified_time":"2020-01-22T12:48:25+00:00","og_image":[{"width":1200,"height":280,"url":"https:\/\/i0.wp.com\/www.infoassist-net.it\/wp-content\/uploads\/2018\/02\/scorr1.jpg?fit=1200%2C280&ssl=1","type":"image\/jpeg"}],"twitter_card":"summary","twitter_site":"@info40655969","twitter_misc":{"Tempo di lettura stimato":"1 minuto"},"schema":{"@context":"https:\/\/schema.org","@graph":[{"@type":"Organization","@id":"https:\/\/www.infoassist-net.it\/#organization","name":"Info Assist Servizi Informatici","url":"https:\/\/www.infoassist-net.it\/","sameAs":["https:\/\/www.instagram.com\/infoassistnet\/","https:\/\/www.youtube.com\/channel\/UCK1DTwK1mD2nTO9RSCc9oOA","https:\/\/www.facebook.com\/info.assistgiogio\/","https:\/\/twitter.com\/info40655969"],"logo":{"@type":"ImageObject","inLanguage":"it-IT","@id":"https:\/\/www.infoassist-net.it\/#\/schema\/logo\/image\/","url":"https:\/\/i0.wp.com\/www.infoassist-net.it\/wp-content\/uploads\/2017\/03\/LOGOwindows.jpg?fit=449%2C449&ssl=1","contentUrl":"https:\/\/i0.wp.com\/www.infoassist-net.it\/wp-content\/uploads\/2017\/03\/LOGOwindows.jpg?fit=449%2C449&ssl=1","width":449,"height":449,"caption":"Info Assist Servizi Informatici"},"image":{"@id":"https:\/\/www.infoassist-net.it\/#\/schema\/logo\/image\/"}},{"@type":"WebSite","@id":"https:\/\/www.infoassist-net.it\/#website","url":"https:\/\/www.infoassist-net.it\/","name":"INFO ASSIST Servizi Informatici","description":"Servizi Informatici","publisher":{"@id":"https:\/\/www.infoassist-net.it\/#organization"},"potentialAction":[{"@type":"SearchAction","target":{"@type":"EntryPoint","urlTemplate":"https:\/\/www.infoassist-net.it\/?s={search_term_string}"},"query-input":"required name=search_term_string"}],"inLanguage":"it-IT"},{"@type":"ImageObject","inLanguage":"it-IT","@id":"https:\/\/www.infoassist-net.it\/#primaryimage","url":"https:\/\/i0.wp.com\/www.infoassist-net.it\/wp-content\/uploads\/2018\/02\/scorr1.jpg?fit=1200%2C280&ssl=1","contentUrl":"https:\/\/i0.wp.com\/www.infoassist-net.it\/wp-content\/uploads\/2018\/02\/scorr1.jpg?fit=1200%2C280&ssl=1","width":1200,"height":280},{"@type":"WebPage","@id":"https:\/\/www.infoassist-net.it\/#webpage","url":"https:\/\/www.infoassist-net.it\/","name":"Info Assist HOME PAGE","isPartOf":{"@id":"https:\/\/www.infoassist-net.it\/#website"},"primaryImageOfPage":{"@id":"https:\/\/www.infoassist-net.it\/#primaryimage"},"datePublished":"2016-03-27T17:04:51+00:00","dateModified":"2020-01-22T12:48:25+00:00","description":"INFO ASSIST Servizi Informatici di Giorgio Giorgi Pagina Iniziale","breadcrumb":{"@id":"https:\/\/www.infoassist-net.it\/#breadcrumb"},"inLanguage":"it-IT","potentialAction":[{"@type":"ReadAction","target":["https:\/\/www.infoassist-net.it\/"]}]},{"@type":"BreadcrumbList","@id":"https:\/\/www.infoassist-net.it\/#breadcrumb","itemListElement":[{"@type":"ListItem","position":1,"name":"Home","item":"https:\/\/www.infoassist-net.it\/"},{"@type":"ListItem","position":2,"name":"HOME"}]}]}},"jetpack_sharing_enabled":true,"jetpack_shortlink":"https:\/\/wp.me\/P7yCc4-2","jetpack-related-posts":[{"id":83,"url":"https:\/\/www.infoassist-net.it\/index.php\/servizi\/","url_meta":{"origin":2,"position":0},"title":"SERVIZI","date":"10\/04\/2016","format":false,"excerpt":"INFO ASSIST FORNISCE I SUOI SERVIZI NELLE\u00a0SEGUENTI AREE: \u00a0 ASSISTENZA HARDWARE E ASSISTENZA SOFTWARE LOCALE\/REMOTA SU PC: \u00a0 Info assist si occupa di risolvere qualsiasi problema hardware su pc , pc assemblati , notebook , smartphone e molto altro . Nelle foto si possono vedere i nostri interventi su pc\u2026","rel":"","context":"Articolo simile","img":{"alt_text":"","src":"https:\/\/i0.wp.com\/www.infoassist-net.it\/wp-content\/uploads\/2018\/02\/imgScorr2.jpg?fit=1200%2C280&ssl=1&resize=350%2C200","width":350,"height":200},"classes":[]},{"id":77,"url":"https:\/\/www.infoassist-net.it\/index.php\/chi-siamo\/","url_meta":{"origin":2,"position":1},"title":"CHI SIAMO","date":"10\/04\/2016","format":false,"excerpt":"\u00a0 Info Assist nasce da un' idea del titolare Giorgio Giorgi dopo l'esperienza maturata come addetto c.e.d. di una importante azienda italiana leader nazionale del settore cartotecnico. Giorgio Giorgi ha accumulato una vasta esperienza in molti campi dell'informatica lavorando per 16 anni come programmatore, amministratore di sistema e tuttofare per\u00a0la\u2026","rel":"","context":"Articolo simile","img":{"alt_text":"","src":"https:\/\/i0.wp.com\/www.infoassist-net.it\/wp-content\/uploads\/2018\/02\/consulenza.jpg?fit=1024%2C300&ssl=1&resize=350%2C200","width":350,"height":200},"classes":[]},{"id":350,"url":"https:\/\/www.infoassist-net.it\/index.php\/news\/","url_meta":{"origin":2,"position":2},"title":"NEWS","date":"26\/05\/2016","format":false,"excerpt":"In questa pagina del nostro sito vogliamo illustrarvi le novit\u00e0 riguardo le ultime minacce informatiche che circolano in rete o attraverso canali quali posta elettronica o social network o installazione di programmi indesiderati. \u00a0 CRYPTOLOCKER \u00a0 Il famoso virus cryptlocker da pi\u00f9 di un anno sta terrorizzando i computer di\u2026","rel":"","context":"Articolo simile","img":{"alt_text":"","src":"https:\/\/i0.wp.com\/www.infoassist-net.it\/wp-content\/uploads\/2018\/02\/Sicurezza-Startup-news-1.jpg?fit=799%2C214&ssl=1&resize=350%2C200","width":350,"height":200},"classes":[]},{"id":182,"url":"https:\/\/www.infoassist-net.it\/index.php\/inostriconsigli\/","url_meta":{"origin":2,"position":3},"title":"I NOSTRI CONSIGLI","date":"16\/05\/2016","format":false,"excerpt":"In questa area vogliamo dare alcuni consigli sui software indispensabili per un corretto start-up di un pc e per la manutenzione del vostro computer o per la risoluzione delle problematiche pi\u00f9 comuni. I software proposti qui di seguito sono tutti software gratuiti ma allo stesso tempo completi di tutto il\u2026","rel":"","context":"Articolo simile","img":{"alt_text":"","src":"https:\/\/i0.wp.com\/www.infoassist-net.it\/wp-content\/uploads\/2018\/02\/Tech-2x1-452390287.jpg?fit=1200%2C364&ssl=1&resize=350%2C200","width":350,"height":200},"classes":[]},{"id":157,"url":"https:\/\/www.infoassist-net.it\/index.php\/assistenza\/","url_meta":{"origin":2,"position":4},"title":"RICHIEDI ASSISTENZA","date":"16\/05\/2016","format":false,"excerpt":"COMPILA IL MODULO DI RICHIESTA DI ASSISTENZA \u00a0 In questa sezione potete inviare una richiesta di assistenza al nostro centro di supporto e potete scaricare il software per la nostra assistenza da remoto sul vostro pc o mac , vi baster\u00e0 scaricare e installare sulla vostra macchina il nostro software\u2026","rel":"","context":"Articolo simile","img":{"alt_text":"","src":"https:\/\/i0.wp.com\/www.infoassist-net.it\/wp-content\/uploads\/2018\/02\/computer-repair-1030x438-1080x280.jpg?fit=1030%2C280&ssl=1&resize=350%2C200","width":350,"height":200},"classes":[]},{"id":89,"url":"https:\/\/www.infoassist-net.it\/index.php\/contatti-2\/","url_meta":{"origin":2,"position":5},"title":"CONTATTI","date":"10\/04\/2016","format":false,"excerpt":"Sede Operativa e Sede Legale INFO ASSIST di Giorgio Giorgi Via Salita San Francesco, 4 06055 - Marsciano -\u00a0(PG) Cellulare: 331.2600436 \u00a0 Recapito Email info@infoassist-net.it \u00a0 Recapito Email PEC (Posta Elettronica Certificata) g.giorgi@pec.infoassist-net.it \u00a0 Partita IVA e Codice Fiscale 03499960544 Non esitate a contattarci per sottoporre alla nostra attenzione tutti\u2026","rel":"","context":"Articolo simile","img":{"alt_text":"","src":"https:\/\/i0.wp.com\/www.infoassist-net.it\/wp-content\/uploads\/2018\/02\/banner-contatti.jpg?fit=1200%2C347&ssl=1&resize=350%2C200","width":350,"height":200},"classes":[]}],"_links":{"self":[{"href":"https:\/\/www.infoassist-net.it\/index.php\/wp-json\/wp\/v2\/pages\/2"}],"collection":[{"href":"https:\/\/www.infoassist-net.it\/index.php\/wp-json\/wp\/v2\/pages"}],"about":[{"href":"https:\/\/www.infoassist-net.it\/index.php\/wp-json\/wp\/v2\/types\/page"}],"author":[{"embeddable":true,"href":"https:\/\/www.infoassist-net.it\/index.php\/wp-json\/wp\/v2\/users\/1"}],"replies":[{"embeddable":true,"href":"https:\/\/www.infoassist-net.it\/index.php\/wp-json\/wp\/v2\/comments?post=2"}],"version-history":[{"count":20,"href":"https:\/\/www.infoassist-net.it\/index.php\/wp-json\/wp\/v2\/pages\/2\/revisions"}],"predecessor-version":[{"id":488,"href":"https:\/\/www.infoassist-net.it\/index.php\/wp-json\/wp\/v2\/pages\/2\/revisions\/488"}],"wp:featuredmedia":[{"embeddable":true,"href":"https:\/\/www.infoassist-net.it\/index.php\/wp-json\/wp\/v2\/media\/431"}],"wp:attachment":[{"href":"https:\/\/www.infoassist-net.it\/index.php\/wp-json\/wp\/v2\/media?parent=2"}],"curies":[{"name":"wp","href":"https:\/\/api.w.org\/{rel}","templated":true}]}}