{"id":157,"date":"2016-05-16T22:40:02","date_gmt":"2016-05-16T20:40:02","guid":{"rendered":"http:\/\/www.infoassist-net.it\/?page_id=157"},"modified":"2018-02-23T23:06:28","modified_gmt":"2018-02-23T21:06:28","slug":"assistenza","status":"publish","type":"page","link":"https:\/\/www.infoassist-net.it\/index.php\/assistenza\/","title":{"rendered":"RICHIEDI ASSISTENZA"},"content":{"rendered":"<p><strong>COMPILA IL MODULO DI RICHIESTA DI ASSISTENZA<\/strong><\/p>\n<p>&nbsp;<\/p>\n<p>In questa sezione potete inviare una richiesta di assistenza al nostro centro di supporto e potete scaricare il software per la nostra assistenza da remoto sul vostro pc o mac , vi baster\u00e0 scaricare e installare sulla vostra macchina il nostro software con una semplice installazione automatica in cui l&#8217;utente non deve fare alcuna scelta o personalizzazione.<\/p>\n<p>Qui di seguito potete inviare la vostra richiesta specificando il vostro nome e\/o ragione sociale , la vostra email , oggetto della richiesta e una rapida descrizione e l&#8217;urgenza del problema per il quale state chiedendo assistenza, cercheremo di rispondervi in maniera veloce ed esauriente.<\/p>\n<p>&nbsp;<\/p>\n<p>&nbsp;<\/p>\n<div role=\"form\" class=\"wpcf7\" id=\"wpcf7-f265-o1\" lang=\"it-IT\" dir=\"ltr\">\n<div class=\"screen-reader-response\"><p role=\"status\" aria-live=\"polite\" aria-atomic=\"true\"><\/p> <ul><\/ul><\/div>\n<form action=\"\/index.php\/wp-json\/wp\/v2\/pages\/157#wpcf7-f265-o1\" method=\"post\" class=\"wpcf7-form init\" enctype=\"multipart\/form-data\" novalidate=\"novalidate\" data-status=\"init\">\n<div style=\"display: none;\">\n<input type=\"hidden\" name=\"_wpcf7\" value=\"265\" \/>\n<input type=\"hidden\" name=\"_wpcf7_version\" value=\"5.5.6.1\" \/>\n<input type=\"hidden\" name=\"_wpcf7_locale\" value=\"it_IT\" \/>\n<input type=\"hidden\" name=\"_wpcf7_unit_tag\" value=\"wpcf7-f265-o1\" \/>\n<input type=\"hidden\" name=\"_wpcf7_container_post\" value=\"0\" \/>\n<input type=\"hidden\" name=\"_wpcf7_posted_data_hash\" value=\"\" \/>\n<\/div>\n<p>COMPILA IL MODULO PER CHIEDERCI ASSISTENZA:<\/p>\n<p>Il tuo nome (richiesto)<br \/>\n    <span class=\"wpcf7-form-control-wrap your-name\"><input type=\"text\" name=\"your-name\" value=\"\" size=\"40\" class=\"wpcf7-form-control wpcf7-text wpcf7-validates-as-required\" aria-required=\"true\" aria-invalid=\"false\" \/><\/span> <\/p>\n<p>La tua email (richiesto)<br \/>\n    <span class=\"wpcf7-form-control-wrap your-email\"><input type=\"email\" name=\"your-email\" value=\"\" size=\"40\" class=\"wpcf7-form-control wpcf7-text wpcf7-email wpcf7-validates-as-required wpcf7-validates-as-email\" aria-required=\"true\" aria-invalid=\"false\" \/><\/span> <\/p>\n<p>Oggetto<br \/>\n    <span class=\"wpcf7-form-control-wrap your-subject\"><input type=\"text\" name=\"your-subject\" value=\"\" size=\"40\" class=\"wpcf7-form-control wpcf7-text\" aria-invalid=\"false\" \/><\/span> <\/p>\n<p>Descrivi il tuo problema<br \/>\n    <span class=\"wpcf7-form-control-wrap your-message\"><textarea name=\"your-message\" cols=\"40\" rows=\"10\" class=\"wpcf7-form-control wpcf7-textarea\" aria-invalid=\"false\"><\/textarea><\/span> <\/p>\n<p><span class=\"wpcf7-form-control-wrap file-810\"><input type=\"file\" name=\"file-810\" size=\"40\" class=\"wpcf7-form-control wpcf7-file\" accept=\".jpg,.txt,.pdf,.doc,.docx,.xls,.xlsx\" aria-invalid=\"false\" \/><\/span><\/p>\n<p><input type=\"submit\" value=\"Invia Richiesta\" class=\"wpcf7-form-control has-spinner wpcf7-submit\" \/><\/p>\n<p style=\"display: none !important;\"><label>&#916;<textarea name=\"_wpcf7_ak_hp_textarea\" cols=\"45\" rows=\"8\" maxlength=\"100\"><\/textarea><\/label><input type=\"hidden\" id=\"ak_js_1\" name=\"_wpcf7_ak_js\" value=\"139\"\/><script>document.getElementById( \"ak_js_1\" ).setAttribute( \"value\", ( new Date() ).getTime() );<\/script><\/p><div class=\"wpcf7-response-output\" aria-hidden=\"true\"><\/div><\/form><\/div>\n<p>&nbsp;<\/p>\n<hr \/>\n<p><strong>SCARICA IL SOFTWARE PER LA CONNESSIONE REMOTA<\/strong><\/p>\n<p>&nbsp;<\/p>\n<p>Qui di seguito troverete il link per scaricare la <strong>versione Windows<\/strong> e la versione per <strong>Apple Mac OS<\/strong><\/p>\n<p>&nbsp;<\/p>\n<p><em>N.B. \u00a0Si prega di installare il software soltanto dopo che la richiesta di \u00a0assistenza sar\u00e0 stata approvata dal<\/em><em>la nostra amministrazione \u00a0e al momento in cui il tecnico dovr\u00e0 effettuare l&#8217;intervento concordato.<\/em><\/p>\n<p>&nbsp;<\/p>\n<p><strong>Scarica versione per Microsoft Windows \u00a0 \u00a0 \u00a0 \u00a0 \u00a0 \u00a0 \u00a0 \u00a0 \u00a0 \u00a0<\/strong><\/p>\n<p><a href=\"http:\/\/www.infoassist-net.it\/wp-content\/software\/info assist - quicksupport.exe\"><img data-attachment-id=\"160\" data-permalink=\"https:\/\/www.infoassist-net.it\/index.php\/assistenza\/the-windows-8-logo-that-could-have-been-3-2\/\" data-orig-file=\"https:\/\/i0.wp.com\/www.infoassist-net.it\/wp-content\/uploads\/2016\/05\/The-Windows-8-Logo-That-Could-Have-Been-3-1.jpg?fit=468%2C468&amp;ssl=1\" data-orig-size=\"468,468\" data-comments-opened=\"0\" data-image-meta=\"{&quot;aperture&quot;:&quot;0&quot;,&quot;credit&quot;:&quot;&quot;,&quot;camera&quot;:&quot;&quot;,&quot;caption&quot;:&quot;&quot;,&quot;created_timestamp&quot;:&quot;0&quot;,&quot;copyright&quot;:&quot;&quot;,&quot;focal_length&quot;:&quot;0&quot;,&quot;iso&quot;:&quot;0&quot;,&quot;shutter_speed&quot;:&quot;0&quot;,&quot;title&quot;:&quot;&quot;,&quot;orientation&quot;:&quot;0&quot;}\" data-image-title=\"The-Windows-8-Logo-That-Could-Have-Been-3\" data-image-description=\"\" data-image-caption=\"\" data-medium-file=\"https:\/\/i0.wp.com\/www.infoassist-net.it\/wp-content\/uploads\/2016\/05\/The-Windows-8-Logo-That-Could-Have-Been-3-1.jpg?fit=300%2C300&amp;ssl=1\" data-large-file=\"https:\/\/i0.wp.com\/www.infoassist-net.it\/wp-content\/uploads\/2016\/05\/The-Windows-8-Logo-That-Could-Have-Been-3-1.jpg?fit=468%2C468&amp;ssl=1\" loading=\"lazy\" class=\"alignnone wp-image-160\" src=\"https:\/\/i0.wp.com\/www.infoassist-net.it\/wp-content\/uploads\/2016\/05\/The-Windows-8-Logo-That-Could-Have-Been-3-1.jpg?resize=115%2C115\" alt=\"The-Windows-8-Logo-That-Could-Have-Been-3\" width=\"115\" height=\"115\" srcset=\"https:\/\/i0.wp.com\/www.infoassist-net.it\/wp-content\/uploads\/2016\/05\/The-Windows-8-Logo-That-Could-Have-Been-3-1.jpg?resize=300%2C300&amp;ssl=1 300w, https:\/\/i0.wp.com\/www.infoassist-net.it\/wp-content\/uploads\/2016\/05\/The-Windows-8-Logo-That-Could-Have-Been-3-1.jpg?resize=150%2C150&amp;ssl=1 150w, https:\/\/i0.wp.com\/www.infoassist-net.it\/wp-content\/uploads\/2016\/05\/The-Windows-8-Logo-That-Could-Have-Been-3-1.jpg?w=468&amp;ssl=1 468w\" sizes=\"(max-width: 115px) 100vw, 115px\" data-recalc-dims=\"1\" \/><\/a><\/p>\n<p><strong>Scarica versione per Apple Mac OS<\/strong><\/p>\n<p><a href=\"http:\/\/www.infoassist-net.it\/wp-content\/software\/NTRcloud_Setup.zip\"><img data-attachment-id=\"163\" data-permalink=\"https:\/\/www.infoassist-net.it\/index.php\/assistenza\/foto_apple_sanzione-3\/\" data-orig-file=\"https:\/\/i0.wp.com\/www.infoassist-net.it\/wp-content\/uploads\/2016\/05\/foto_apple_sanzione-2.jpg?fit=480%2C480&amp;ssl=1\" data-orig-size=\"480,480\" data-comments-opened=\"0\" data-image-meta=\"{&quot;aperture&quot;:&quot;0&quot;,&quot;credit&quot;:&quot;&quot;,&quot;camera&quot;:&quot;&quot;,&quot;caption&quot;:&quot;&quot;,&quot;created_timestamp&quot;:&quot;0&quot;,&quot;copyright&quot;:&quot;&quot;,&quot;focal_length&quot;:&quot;0&quot;,&quot;iso&quot;:&quot;0&quot;,&quot;shutter_speed&quot;:&quot;0&quot;,&quot;title&quot;:&quot;&quot;,&quot;orientation&quot;:&quot;0&quot;}\" data-image-title=\"foto_apple_sanzione\" data-image-description=\"\" data-image-caption=\"\" data-medium-file=\"https:\/\/i0.wp.com\/www.infoassist-net.it\/wp-content\/uploads\/2016\/05\/foto_apple_sanzione-2.jpg?fit=300%2C300&amp;ssl=1\" data-large-file=\"https:\/\/i0.wp.com\/www.infoassist-net.it\/wp-content\/uploads\/2016\/05\/foto_apple_sanzione-2.jpg?fit=480%2C480&amp;ssl=1\" loading=\"lazy\" class=\"alignnone wp-image-163\" src=\"https:\/\/i0.wp.com\/www.infoassist-net.it\/wp-content\/uploads\/2016\/05\/foto_apple_sanzione-2.jpg?resize=115%2C115\" alt=\"foto_apple_sanzione\" width=\"115\" height=\"115\" srcset=\"https:\/\/i0.wp.com\/www.infoassist-net.it\/wp-content\/uploads\/2016\/05\/foto_apple_sanzione-2.jpg?resize=150%2C150&amp;ssl=1 150w, https:\/\/i0.wp.com\/www.infoassist-net.it\/wp-content\/uploads\/2016\/05\/foto_apple_sanzione-2.jpg?resize=300%2C300&amp;ssl=1 300w, https:\/\/i0.wp.com\/www.infoassist-net.it\/wp-content\/uploads\/2016\/05\/foto_apple_sanzione-2.jpg?w=480&amp;ssl=1 480w\" sizes=\"(max-width: 115px) 100vw, 115px\" data-recalc-dims=\"1\" \/><\/a><\/p>\n<hr \/>\n<p><strong>\u00a0INVIA ORDINE DI ASSISTENZA REMOTA<\/strong><\/p>\n<p>&nbsp;<\/p>\n<p><em>Info Assist non applica una tariffa oraria per i suoi interventi da remoto ma una tariffa forfettaria di 30 euro indipendentemente dal tempo di lavoro\u00a0( chiamata + intervento).<\/em><\/p>\n<p><em>Un intervento pu\u00f2 durare da un minimo di 15 minuti a un massimo di 2 ore e il nostro tecnico si attiver\u00e0 nell&#8217;orario prestabilito con il cliente non appena verr\u00e0 completato il pagamento a mezzo paypal tramite il form sottostante.<\/em><\/p>\n<p>&nbsp;<\/p>\n<p><em>Fai click sul pulsante <strong>&#8220;Aggiungi Ordine&#8221;<\/strong> e verrai reindirizzato sulla pagina di check-out per il pagamento del tuo ordine<\/em><\/p>\n<p>&nbsp;<\/p>\n<p>&nbsp;<\/p>\n<div class=\"wp_cart_button_wrapper\"><form method=\"post\" class=\"wp-cart-button-form\" action=\"\" style=\"display:inline\" onsubmit=\"return ReadForm(this, true);\" ><input type=\"hidden\" id=\"_wpnonce\" name=\"_wpnonce\" value=\"70e9f646e2\" \/><input type=\"hidden\" name=\"_wp_http_referer\" value=\"\/index.php\/wp-json\/wp\/v2\/pages\/157\" \/><input type=\"submit\" class=\"wspsc_add_cart_submit\" name=\"wspsc_add_cart_submit\" value=\"AGGIUNGI ORDINE AL CARRELLO\" \/><input type=\"hidden\" name=\"wspsc_product\" value=\"Assistenza Remota\" \/><input type=\"hidden\" name=\"price\" value=\"30.00\" \/><input type=\"hidden\" name=\"shipping\" value=\"0\" \/><input type=\"hidden\" name=\"addcart\" value=\"1\" \/><input type=\"hidden\" name=\"cartLink\" value=\"https:\/\/www.infoassist-net.it:443\/index.php\/wp-json\/wp\/v2\/pages\/157\" \/><input type=\"hidden\" name=\"product_tmp\" value=\"Assistenza Remota\" \/><input type=\"hidden\" name=\"item_number\" value=\"\" \/><input type=\"hidden\" name=\"hash_one\" value=\"2cea222e1990060b8093ec1808be1ccb\" \/><input type=\"hidden\" name=\"hash_two\" value=\"1c96cbfa42adba661da7cfe86471e5e1\" \/><\/form><\/div>\n<p>&nbsp;<\/p>\n<p><img data-attachment-id=\"302\" data-permalink=\"https:\/\/www.infoassist-net.it\/?attachment_id=302\" data-orig-file=\"https:\/\/i0.wp.com\/www.infoassist-net.it\/wp-content\/uploads\/2016\/05\/paga-con-paypal.png?fit=306%2C66&amp;ssl=1\" data-orig-size=\"306,66\" data-comments-opened=\"0\" data-image-meta=\"{&quot;aperture&quot;:&quot;0&quot;,&quot;credit&quot;:&quot;&quot;,&quot;camera&quot;:&quot;&quot;,&quot;caption&quot;:&quot;&quot;,&quot;created_timestamp&quot;:&quot;0&quot;,&quot;copyright&quot;:&quot;&quot;,&quot;focal_length&quot;:&quot;0&quot;,&quot;iso&quot;:&quot;0&quot;,&quot;shutter_speed&quot;:&quot;0&quot;,&quot;title&quot;:&quot;&quot;,&quot;orientation&quot;:&quot;0&quot;}\" data-image-title=\"paga-con-paypal\" data-image-description=\"\" data-image-caption=\"\" data-medium-file=\"https:\/\/i0.wp.com\/www.infoassist-net.it\/wp-content\/uploads\/2016\/05\/paga-con-paypal.png?fit=300%2C65&amp;ssl=1\" data-large-file=\"https:\/\/i0.wp.com\/www.infoassist-net.it\/wp-content\/uploads\/2016\/05\/paga-con-paypal.png?fit=306%2C66&amp;ssl=1\" loading=\"lazy\" class=\"alignnone wp-image-302\" src=\"https:\/\/i0.wp.com\/www.infoassist-net.it\/wp-content\/uploads\/2016\/05\/paga-con-paypal.png?resize=215%2C46\" alt=\"paga-con-paypal\" width=\"215\" height=\"46\" srcset=\"https:\/\/i0.wp.com\/www.infoassist-net.it\/wp-content\/uploads\/2016\/05\/paga-con-paypal.png?resize=300%2C65&amp;ssl=1 300w, https:\/\/i0.wp.com\/www.infoassist-net.it\/wp-content\/uploads\/2016\/05\/paga-con-paypal.png?w=306&amp;ssl=1 306w\" sizes=\"(max-width: 215px) 100vw, 215px\" data-recalc-dims=\"1\" \/><\/p>\n<p>&nbsp;<\/p>\n<p>&nbsp;<\/p>\n<p>&nbsp;<\/p>\n<p>&nbsp;<\/p>\n","protected":false},"excerpt":{"rendered":"<p>COMPILA IL MODULO DI RICHIESTA DI ASSISTENZA &nbsp; In questa sezione potete inviare una richiesta di assistenza al nostro centro di supporto e potete scaricare il software per la nostra assistenza da remoto sul vostro pc o mac , vi baster\u00e0 scaricare e installare sulla vostra macchina il nostro software con una semplice installazione automatica&hellip;<\/p>\n","protected":false},"author":1,"featured_media":447,"parent":0,"menu_order":3,"comment_status":"closed","ping_status":"closed","template":"","meta":{"_mi_skip_tracking":false,"spay_email":""},"yoast_head":"<!-- This site is optimized with the Yoast SEO plugin v19.0 - https:\/\/yoast.com\/wordpress\/plugins\/seo\/ -->\r\n<title>Info Assist RICHIEDI ASSISTENZA<\/title>\r\n<meta name=\"description\" content=\"INFO ASSIST Servizi Informatici di Giorgio Giorgi Richiesta assistenza\" \/>\r\n<meta name=\"robots\" content=\"index, follow, max-snippet:-1, max-image-preview:large, max-video-preview:-1\" \/>\r\n<link rel=\"canonical\" href=\"http:\/\/www.infoassist-net.it\/index.php\/assistenza\/\" \/>\r\n<meta property=\"og:locale\" content=\"it_IT\" \/>\r\n<meta property=\"og:type\" content=\"article\" \/>\r\n<meta property=\"og:title\" content=\"Info Assist RICHIEDI ASSISTENZA\" \/>\r\n<meta property=\"og:description\" content=\"INFO ASSIST Servizi Informatici di Giorgio Giorgi Richiesta assistenza\" \/>\r\n<meta property=\"og:url\" content=\"http:\/\/www.infoassist-net.it\/index.php\/assistenza\/\" \/>\r\n<meta property=\"og:site_name\" content=\"INFO ASSIST\" \/>\r\n<meta property=\"article:publisher\" content=\"https:\/\/www.facebook.com\/info.assistgiogio\/\" \/>\r\n<meta property=\"article:modified_time\" content=\"2018-02-23T21:06:28+00:00\" \/>\r\n<meta property=\"og:image\" content=\"https:\/\/i0.wp.com\/www.infoassist-net.it\/wp-content\/uploads\/2018\/02\/computer-repair-1030x438-1080x280.jpg?fit=1030%2C280\" \/>\r\n\t<meta property=\"og:image:width\" content=\"1030\" \/>\r\n\t<meta property=\"og:image:height\" content=\"280\" \/>\r\n\t<meta property=\"og:image:type\" content=\"image\/jpeg\" \/>\r\n<meta name=\"twitter:card\" content=\"summary\" \/>\r\n<meta name=\"twitter:site\" content=\"@info40655969\" \/>\r\n<meta name=\"twitter:label1\" content=\"Tempo di lettura stimato\" \/>\n\t<meta name=\"twitter:data1\" content=\"2 minuti\" \/>\r\n<script type=\"application\/ld+json\" class=\"yoast-schema-graph\">{\"@context\":\"https:\/\/schema.org\",\"@graph\":[{\"@type\":\"Organization\",\"@id\":\"https:\/\/www.infoassist-net.it\/#organization\",\"name\":\"Info Assist Servizi Informatici\",\"url\":\"https:\/\/www.infoassist-net.it\/\",\"sameAs\":[\"https:\/\/www.instagram.com\/infoassistnet\/\",\"https:\/\/www.youtube.com\/channel\/UCK1DTwK1mD2nTO9RSCc9oOA\",\"https:\/\/www.facebook.com\/info.assistgiogio\/\",\"https:\/\/twitter.com\/info40655969\"],\"logo\":{\"@type\":\"ImageObject\",\"inLanguage\":\"it-IT\",\"@id\":\"https:\/\/www.infoassist-net.it\/#\/schema\/logo\/image\/\",\"url\":\"https:\/\/i0.wp.com\/www.infoassist-net.it\/wp-content\/uploads\/2017\/03\/LOGOwindows.jpg?fit=449%2C449&ssl=1\",\"contentUrl\":\"https:\/\/i0.wp.com\/www.infoassist-net.it\/wp-content\/uploads\/2017\/03\/LOGOwindows.jpg?fit=449%2C449&ssl=1\",\"width\":449,\"height\":449,\"caption\":\"Info Assist Servizi Informatici\"},\"image\":{\"@id\":\"https:\/\/www.infoassist-net.it\/#\/schema\/logo\/image\/\"}},{\"@type\":\"WebSite\",\"@id\":\"https:\/\/www.infoassist-net.it\/#website\",\"url\":\"https:\/\/www.infoassist-net.it\/\",\"name\":\"INFO ASSIST Servizi Informatici\",\"description\":\"Servizi Informatici\",\"publisher\":{\"@id\":\"https:\/\/www.infoassist-net.it\/#organization\"},\"potentialAction\":[{\"@type\":\"SearchAction\",\"target\":{\"@type\":\"EntryPoint\",\"urlTemplate\":\"https:\/\/www.infoassist-net.it\/?s={search_term_string}\"},\"query-input\":\"required name=search_term_string\"}],\"inLanguage\":\"it-IT\"},{\"@type\":\"ImageObject\",\"inLanguage\":\"it-IT\",\"@id\":\"http:\/\/www.infoassist-net.it\/index.php\/assistenza\/#primaryimage\",\"url\":\"https:\/\/i0.wp.com\/www.infoassist-net.it\/wp-content\/uploads\/2018\/02\/computer-repair-1030x438-1080x280.jpg?fit=1030%2C280&ssl=1\",\"contentUrl\":\"https:\/\/i0.wp.com\/www.infoassist-net.it\/wp-content\/uploads\/2018\/02\/computer-repair-1030x438-1080x280.jpg?fit=1030%2C280&ssl=1\",\"width\":1030,\"height\":280},{\"@type\":\"WebPage\",\"@id\":\"http:\/\/www.infoassist-net.it\/index.php\/assistenza\/#webpage\",\"url\":\"http:\/\/www.infoassist-net.it\/index.php\/assistenza\/\",\"name\":\"Info Assist RICHIEDI ASSISTENZA\",\"isPartOf\":{\"@id\":\"https:\/\/www.infoassist-net.it\/#website\"},\"primaryImageOfPage\":{\"@id\":\"http:\/\/www.infoassist-net.it\/index.php\/assistenza\/#primaryimage\"},\"datePublished\":\"2016-05-16T20:40:02+00:00\",\"dateModified\":\"2018-02-23T21:06:28+00:00\",\"description\":\"INFO ASSIST Servizi Informatici di Giorgio Giorgi Richiesta assistenza\",\"breadcrumb\":{\"@id\":\"http:\/\/www.infoassist-net.it\/index.php\/assistenza\/#breadcrumb\"},\"inLanguage\":\"it-IT\",\"potentialAction\":[{\"@type\":\"ReadAction\",\"target\":[\"http:\/\/www.infoassist-net.it\/index.php\/assistenza\/\"]}]},{\"@type\":\"BreadcrumbList\",\"@id\":\"http:\/\/www.infoassist-net.it\/index.php\/assistenza\/#breadcrumb\",\"itemListElement\":[{\"@type\":\"ListItem\",\"position\":1,\"name\":\"Home\",\"item\":\"https:\/\/www.infoassist-net.it\/\"},{\"@type\":\"ListItem\",\"position\":2,\"name\":\"RICHIEDI ASSISTENZA\"}]}]}<\/script>\r\n<!-- \/ Yoast SEO plugin. -->","yoast_head_json":{"title":"Info Assist RICHIEDI ASSISTENZA","description":"INFO ASSIST Servizi Informatici di Giorgio Giorgi Richiesta assistenza","robots":{"index":"index","follow":"follow","max-snippet":"max-snippet:-1","max-image-preview":"max-image-preview:large","max-video-preview":"max-video-preview:-1"},"canonical":"http:\/\/www.infoassist-net.it\/index.php\/assistenza\/","og_locale":"it_IT","og_type":"article","og_title":"Info Assist RICHIEDI ASSISTENZA","og_description":"INFO ASSIST Servizi Informatici di Giorgio Giorgi Richiesta assistenza","og_url":"http:\/\/www.infoassist-net.it\/index.php\/assistenza\/","og_site_name":"INFO ASSIST","article_publisher":"https:\/\/www.facebook.com\/info.assistgiogio\/","article_modified_time":"2018-02-23T21:06:28+00:00","og_image":[{"width":1030,"height":280,"url":"https:\/\/i0.wp.com\/www.infoassist-net.it\/wp-content\/uploads\/2018\/02\/computer-repair-1030x438-1080x280.jpg?fit=1030%2C280","type":"image\/jpeg"}],"twitter_card":"summary","twitter_site":"@info40655969","twitter_misc":{"Tempo di lettura stimato":"2 minuti"},"schema":{"@context":"https:\/\/schema.org","@graph":[{"@type":"Organization","@id":"https:\/\/www.infoassist-net.it\/#organization","name":"Info Assist Servizi Informatici","url":"https:\/\/www.infoassist-net.it\/","sameAs":["https:\/\/www.instagram.com\/infoassistnet\/","https:\/\/www.youtube.com\/channel\/UCK1DTwK1mD2nTO9RSCc9oOA","https:\/\/www.facebook.com\/info.assistgiogio\/","https:\/\/twitter.com\/info40655969"],"logo":{"@type":"ImageObject","inLanguage":"it-IT","@id":"https:\/\/www.infoassist-net.it\/#\/schema\/logo\/image\/","url":"https:\/\/i0.wp.com\/www.infoassist-net.it\/wp-content\/uploads\/2017\/03\/LOGOwindows.jpg?fit=449%2C449&ssl=1","contentUrl":"https:\/\/i0.wp.com\/www.infoassist-net.it\/wp-content\/uploads\/2017\/03\/LOGOwindows.jpg?fit=449%2C449&ssl=1","width":449,"height":449,"caption":"Info Assist Servizi Informatici"},"image":{"@id":"https:\/\/www.infoassist-net.it\/#\/schema\/logo\/image\/"}},{"@type":"WebSite","@id":"https:\/\/www.infoassist-net.it\/#website","url":"https:\/\/www.infoassist-net.it\/","name":"INFO ASSIST Servizi Informatici","description":"Servizi Informatici","publisher":{"@id":"https:\/\/www.infoassist-net.it\/#organization"},"potentialAction":[{"@type":"SearchAction","target":{"@type":"EntryPoint","urlTemplate":"https:\/\/www.infoassist-net.it\/?s={search_term_string}"},"query-input":"required name=search_term_string"}],"inLanguage":"it-IT"},{"@type":"ImageObject","inLanguage":"it-IT","@id":"http:\/\/www.infoassist-net.it\/index.php\/assistenza\/#primaryimage","url":"https:\/\/i0.wp.com\/www.infoassist-net.it\/wp-content\/uploads\/2018\/02\/computer-repair-1030x438-1080x280.jpg?fit=1030%2C280&ssl=1","contentUrl":"https:\/\/i0.wp.com\/www.infoassist-net.it\/wp-content\/uploads\/2018\/02\/computer-repair-1030x438-1080x280.jpg?fit=1030%2C280&ssl=1","width":1030,"height":280},{"@type":"WebPage","@id":"http:\/\/www.infoassist-net.it\/index.php\/assistenza\/#webpage","url":"http:\/\/www.infoassist-net.it\/index.php\/assistenza\/","name":"Info Assist RICHIEDI ASSISTENZA","isPartOf":{"@id":"https:\/\/www.infoassist-net.it\/#website"},"primaryImageOfPage":{"@id":"http:\/\/www.infoassist-net.it\/index.php\/assistenza\/#primaryimage"},"datePublished":"2016-05-16T20:40:02+00:00","dateModified":"2018-02-23T21:06:28+00:00","description":"INFO ASSIST Servizi Informatici di Giorgio Giorgi Richiesta assistenza","breadcrumb":{"@id":"http:\/\/www.infoassist-net.it\/index.php\/assistenza\/#breadcrumb"},"inLanguage":"it-IT","potentialAction":[{"@type":"ReadAction","target":["http:\/\/www.infoassist-net.it\/index.php\/assistenza\/"]}]},{"@type":"BreadcrumbList","@id":"http:\/\/www.infoassist-net.it\/index.php\/assistenza\/#breadcrumb","itemListElement":[{"@type":"ListItem","position":1,"name":"Home","item":"https:\/\/www.infoassist-net.it\/"},{"@type":"ListItem","position":2,"name":"RICHIEDI ASSISTENZA"}]}]}},"jetpack_sharing_enabled":true,"jetpack_shortlink":"https:\/\/wp.me\/P7yCc4-2x","jetpack-related-posts":[{"id":77,"url":"https:\/\/www.infoassist-net.it\/index.php\/chi-siamo\/","url_meta":{"origin":157,"position":0},"title":"CHI SIAMO","date":"10\/04\/2016","format":false,"excerpt":"\u00a0 Info Assist nasce da un' idea del titolare Giorgio Giorgi dopo l'esperienza maturata come addetto c.e.d. di una importante azienda italiana leader nazionale del settore cartotecnico. Giorgio Giorgi ha accumulato una vasta esperienza in molti campi dell'informatica lavorando per 16 anni come programmatore, amministratore di sistema e tuttofare per\u00a0la\u2026","rel":"","context":"Articolo simile","img":{"alt_text":"","src":"https:\/\/i0.wp.com\/www.infoassist-net.it\/wp-content\/uploads\/2018\/02\/consulenza.jpg?fit=1024%2C300&ssl=1&resize=350%2C200","width":350,"height":200},"classes":[]},{"id":2,"url":"https:\/\/www.infoassist-net.it\/","url_meta":{"origin":157,"position":1},"title":"HOME","date":"27\/03\/2016","format":false,"excerpt":"Info Assist \u00e8 una societ\u00e0 unipersonale nata nel gennaio del 2016 a Marsciano (PG) che vuole farsi strada nel complesso mondo dei Servizi Informatici. Ci piace sottolineare l'aggettivo \"complesso\" perch\u00e9 il nostro \u00e8 un settore estremamente competitivo in cui operano numerose societ\u00e0 qualificate e di grandi dimensioni o di tradizione\u2026","rel":"","context":"Articolo simile","img":{"alt_text":"","src":"https:\/\/i0.wp.com\/www.infoassist-net.it\/wp-content\/uploads\/2018\/02\/scorr1.jpg?fit=1200%2C280&ssl=1&resize=350%2C200","width":350,"height":200},"classes":[]},{"id":83,"url":"https:\/\/www.infoassist-net.it\/index.php\/servizi\/","url_meta":{"origin":157,"position":2},"title":"SERVIZI","date":"10\/04\/2016","format":false,"excerpt":"INFO ASSIST FORNISCE I SUOI SERVIZI NELLE\u00a0SEGUENTI AREE: \u00a0 ASSISTENZA HARDWARE E ASSISTENZA SOFTWARE LOCALE\/REMOTA SU PC: \u00a0 Info assist si occupa di risolvere qualsiasi problema hardware su pc , pc assemblati , notebook , smartphone e molto altro . Nelle foto si possono vedere i nostri interventi su pc\u2026","rel":"","context":"Articolo simile","img":{"alt_text":"","src":"https:\/\/i0.wp.com\/www.infoassist-net.it\/wp-content\/uploads\/2018\/02\/imgScorr2.jpg?fit=1200%2C280&ssl=1&resize=350%2C200","width":350,"height":200},"classes":[]},{"id":182,"url":"https:\/\/www.infoassist-net.it\/index.php\/inostriconsigli\/","url_meta":{"origin":157,"position":3},"title":"I NOSTRI CONSIGLI","date":"16\/05\/2016","format":false,"excerpt":"In questa area vogliamo dare alcuni consigli sui software indispensabili per un corretto start-up di un pc e per la manutenzione del vostro computer o per la risoluzione delle problematiche pi\u00f9 comuni. I software proposti qui di seguito sono tutti software gratuiti ma allo stesso tempo completi di tutto il\u2026","rel":"","context":"Articolo simile","img":{"alt_text":"","src":"https:\/\/i0.wp.com\/www.infoassist-net.it\/wp-content\/uploads\/2018\/02\/Tech-2x1-452390287.jpg?fit=1200%2C364&ssl=1&resize=350%2C200","width":350,"height":200},"classes":[]},{"id":350,"url":"https:\/\/www.infoassist-net.it\/index.php\/news\/","url_meta":{"origin":157,"position":4},"title":"NEWS","date":"26\/05\/2016","format":false,"excerpt":"In questa pagina del nostro sito vogliamo illustrarvi le novit\u00e0 riguardo le ultime minacce informatiche che circolano in rete o attraverso canali quali posta elettronica o social network o installazione di programmi indesiderati. \u00a0 CRYPTOLOCKER \u00a0 Il famoso virus cryptlocker da pi\u00f9 di un anno sta terrorizzando i computer di\u2026","rel":"","context":"Articolo simile","img":{"alt_text":"","src":"https:\/\/i0.wp.com\/www.infoassist-net.it\/wp-content\/uploads\/2018\/02\/Sicurezza-Startup-news-1.jpg?fit=799%2C214&ssl=1&resize=350%2C200","width":350,"height":200},"classes":[]},{"id":89,"url":"https:\/\/www.infoassist-net.it\/index.php\/contatti-2\/","url_meta":{"origin":157,"position":5},"title":"CONTATTI","date":"10\/04\/2016","format":false,"excerpt":"Sede Operativa e Sede Legale INFO ASSIST di Giorgio Giorgi Via Salita San Francesco, 4 06055 - Marsciano -\u00a0(PG) Cellulare: 331.2600436 \u00a0 Recapito Email info@infoassist-net.it \u00a0 Recapito Email PEC (Posta Elettronica Certificata) g.giorgi@pec.infoassist-net.it \u00a0 Partita IVA e Codice Fiscale 03499960544 Non esitate a contattarci per sottoporre alla nostra attenzione tutti\u2026","rel":"","context":"Articolo simile","img":{"alt_text":"","src":"https:\/\/i0.wp.com\/www.infoassist-net.it\/wp-content\/uploads\/2018\/02\/banner-contatti.jpg?fit=1200%2C347&ssl=1&resize=350%2C200","width":350,"height":200},"classes":[]}],"_links":{"self":[{"href":"https:\/\/www.infoassist-net.it\/index.php\/wp-json\/wp\/v2\/pages\/157"}],"collection":[{"href":"https:\/\/www.infoassist-net.it\/index.php\/wp-json\/wp\/v2\/pages"}],"about":[{"href":"https:\/\/www.infoassist-net.it\/index.php\/wp-json\/wp\/v2\/types\/page"}],"author":[{"embeddable":true,"href":"https:\/\/www.infoassist-net.it\/index.php\/wp-json\/wp\/v2\/users\/1"}],"replies":[{"embeddable":true,"href":"https:\/\/www.infoassist-net.it\/index.php\/wp-json\/wp\/v2\/comments?post=157"}],"version-history":[{"count":42,"href":"https:\/\/www.infoassist-net.it\/index.php\/wp-json\/wp\/v2\/pages\/157\/revisions"}],"predecessor-version":[{"id":167,"href":"https:\/\/www.infoassist-net.it\/index.php\/wp-json\/wp\/v2\/pages\/157\/revisions\/167"}],"wp:featuredmedia":[{"embeddable":true,"href":"https:\/\/www.infoassist-net.it\/index.php\/wp-json\/wp\/v2\/media\/447"}],"wp:attachment":[{"href":"https:\/\/www.infoassist-net.it\/index.php\/wp-json\/wp\/v2\/media?parent=157"}],"curies":[{"name":"wp","href":"https:\/\/api.w.org\/{rel}","templated":true}]}}